{"id":718,"date":"2022-10-07T11:45:39","date_gmt":"2022-10-07T16:45:39","guid":{"rendered":"https:\/\/nodomultimedia.xoc.uam.mx\/?page_id=718"},"modified":"2024-09-30T14:10:48","modified_gmt":"2024-09-30T19:10:48","slug":"quienes-somos-2","status":"publish","type":"page","link":"https:\/\/nodomultimedia.xoc.uam.mx\/index.php\/quienes-somos-2\/","title":{"rendered":"\u00bfQui\u00e9nes somos?"},"content":{"rendered":"\n<p><\/p>\n\n\n\n<p><strong>Antecedentes<\/strong><\/p>\n\n\n\n<p><em>Nodo Multimedia: Educacion y Comunicaci\u00f3n Alternativas <\/em>es un portal en el que se presentan las lineas de acci\u00f3n, proyectos acad\u00e9micos y profesionales, en marcha, dirigidos y coordinados por el doctor Mauricio Andi\u00f3n Gamboa, profesor e investigador titular del Departamento de Educaci\u00f3n y Comunicaci\u00f3n de la Universidad Auton\u00f3ma Metropolitana, Xochimilco (UAMX). A trav\u00e9s de este medio se articula una red de proyectos \u2013nodos&#8211; dedicados a la producci\u00f3n, distribuci\u00f3n, difusi\u00f3n de conocimiento e informaci\u00f3n sobre los campos de la educaci\u00f3n, la comunicaci\u00f3n y las &nbsp;humanidades digitales<\/p>\n\n\n\n<p>El proyecto inicia el trimestre de oto\u00f1o del 2015 con el objetivo expl\u00edcito de dise\u00f1ar, desarrollar un portal a trav\u00e9s del cual se cumpliera la funci\u00f3n de difundir contenidos multimedia sobre temas de cultura digital, educaci\u00f3n y comunicaci\u00f3n alternativas entre la comunidad universitaria y el p\u00fablico en general.&nbsp;<\/p>\n\n\n\n<p>En la actualidad el sitio funciona como un nodo de una red proyectos acad\u00e9micos educomunicativos, de investigaci\u00f3n en los campos la educaci\u00f3n, la comunicaci\u00f3n y las humanidades digitales; de docencia universitaria y posgrado; de difusion cultural y producci\u00f3n de material educativo en formatos multimedia. Asimismo, busca ser un medio digital que coadyuve a la difusi\u00f3n de la obra acad\u00e9mica y la producci\u00f3n medi\u00e1tica del doctor Andi\u00f3n y sus colaboradores entre un p\u00fablico m\u00e1s amplio.<\/p>\n\n\n\n<p><strong>Dr. Mauricio Andi\u00f3n Gamboa<\/strong><\/p>\n\n\n\n<figure class=\"wp-block-image size-full\"><img loading=\"lazy\" width=\"314\" height=\"431\" src=\"https:\/\/nodomultimedia.xoc.uam.mx\/wp-content\/uploads\/Imagen-1.png\" alt=\"\" class=\"wp-image-845\" srcset=\"https:\/\/nodomultimedia.xoc.uam.mx\/wp-content\/uploads\/Imagen-1.png 314w, https:\/\/nodomultimedia.xoc.uam.mx\/wp-content\/uploads\/Imagen-1-219x300.png 219w\" sizes=\"(max-width: 314px) 100vw, 314px\" \/><\/figure>\n\n\n\n<p>Profesor\/Investigador Titular del Departamento de Educaci\u00f3n y Comunicaci\u00f3n de la Universidad Aut\u00f3noma Metropolitana, Xochimilco (UAMX)); Licenciado en Sociolog\u00eda (UAMX, 1979); Maestro en Ciencias de la Educaci\u00f3n (DIE\/CINVESTAV\/IPN, 1994) Doctor en Filosof\u00eda, con especialidad en Educaci\u00f3n y Comunicaci\u00f3n por la Universidad de California, Los \u00c1ngeles (UCLA,1998). Fulbright Scholar (1993-1996): Miembro del Sistema Nacional de Investigadores (2022).<\/p>\n\n\n\n<p>Especializado en el estudio de los procesos de cambio cultural derivados de la relaci\u00f3n entre la educaci\u00f3n, la tecnolog\u00eda digital y los nuevos medios de comunicaci\u00f3n, particularmente, los procesos de apropiaci\u00f3n social de las tecnolog\u00edas de informaci\u00f3n y comunicaci\u00f3n en los campos de la educaci\u00f3n y la cultura. Experto en el en el dise\u00f1o, desarrollo y evaluaci\u00f3n de estrategias educativas para programas de educaci\u00f3n alternativa, as\u00ed como, en el dise\u00f1o y desarrollo de objetos de aprendizaje y materiales did\u00e1cticos en formatos multimedia.<\/p>\n\n\n\n<p>Director del proyecto Laboratorio: Aula Multimedia (LAM) integrado a la linea de investigaci\u00f3n: <em>Educaci\u00f3n para la Vida en la Hipermodernidad<\/em>. Actualmente, se desempe\u00f1a como profesor\/investigador titular en los programas la&nbsp; licenciatura en Comunicaci\u00f3n Social y&nbsp; los programas de posgrado de las divisiones de Ciencias Sociales y Humanidades y Ciencias y Artes para el Dise\u00f1o de UAMX; es vocal de la Mesa Directiva del cuerpo acad\u00e9mico del Instituto Latinoamericano de Comunicaci\u00f3n Educativa (ILCE),&nbsp; as\u00ed como, investigador asociado de la red de mundial de investigadores en el campo de la comunicaci\u00f3n Global Risk Journalism Hub, con sede en la Universidad de Melbourne.<\/p>\n\n\n\n<p>Autor del libro <em>Universidad Nodo. Modelo para la formaci\u00f3n de comunicadores en la era digital:<\/em><em> <\/em>. UAMX. M\u00e9xico, 2019. Coautor y coordinador de los libros <em>Horizontes digitales: <\/em><em>Rupturas e interrogaciones en la reconfiguraci\u00f3n socio-digital contempor\u00e1nea<\/em>. Gedisa, UAMX, 2021;&nbsp; <em>Hermen\u00e9utica de la producci\u00f3n simb\u00f3lica<\/em>. UAMX, M\u00e9xico, 2018; <em>S\u00edmbolos Digitales: representaciones simb\u00f3licas de la tecnolog\u00eda digital en la comunidad escolar.<\/em>&nbsp; Siglo XXI, M\u00e9xico, 2014; <em>Comunicaci\u00f3n y Educaci\u00f3n. Enfoques desde la Alternatividad. <\/em>Porr\u00faa, M\u00e9xico, 2010. Y, autor de m\u00e1s de 70 art\u00edculos especializados y cap\u00edtulos de libros sobre temas de su especialidad.<\/p>\n\n\n\n<p><strong>Colaboradores:<\/strong><\/p>\n\n\n\n<p>Hugo<\/p>\n\n\n\n<p>Stephani<\/p>\n\n\n\n<p><\/p>\n","protected":false},"excerpt":{"rendered":"<p>Antecedentes Nodo Multimedia: Educacion y Comunicaci\u00f3n Alternativas es un portal en el que se presentan las lineas de acci\u00f3n, proyectos acad\u00e9micos y profesionales, en marcha, dirigidos y coordinados por el doctor Mauricio Andi\u00f3n Gamboa, profesor e investigador titular del Departamento de Educaci\u00f3n y Comunicaci\u00f3n de la Universidad Auton\u00f3ma Metropolitana, Xochimilco (UAMX). A trav\u00e9s de este medio se articula una red de proyectos \u2013nodos&#8211; dedicados a la producci\u00f3n, distribuci\u00f3n, difusi\u00f3n de<\/p>\n<p><a class=\"more-link\" href=\"https:\/\/nodomultimedia.xoc.uam.mx\/index.php\/quienes-somos-2\/\">Leer m\u00e1s<\/a><\/p>\n","protected":false},"author":1,"featured_media":0,"parent":0,"menu_order":0,"comment_status":"closed","ping_status":"closed","template":"","meta":[],"_links":{"self":[{"href":"https:\/\/nodomultimedia.xoc.uam.mx\/index.php\/wp-json\/wp\/v2\/pages\/718"}],"collection":[{"href":"https:\/\/nodomultimedia.xoc.uam.mx\/index.php\/wp-json\/wp\/v2\/pages"}],"about":[{"href":"https:\/\/nodomultimedia.xoc.uam.mx\/index.php\/wp-json\/wp\/v2\/types\/page"}],"author":[{"embeddable":true,"href":"https:\/\/nodomultimedia.xoc.uam.mx\/index.php\/wp-json\/wp\/v2\/users\/1"}],"replies":[{"embeddable":true,"href":"https:\/\/nodomultimedia.xoc.uam.mx\/index.php\/wp-json\/wp\/v2\/comments?post=718"}],"version-history":[{"count":6,"href":"https:\/\/nodomultimedia.xoc.uam.mx\/index.php\/wp-json\/wp\/v2\/pages\/718\/revisions"}],"predecessor-version":[{"id":884,"href":"https:\/\/nodomultimedia.xoc.uam.mx\/index.php\/wp-json\/wp\/v2\/pages\/718\/revisions\/884"}],"wp:attachment":[{"href":"https:\/\/nodomultimedia.xoc.uam.mx\/index.php\/wp-json\/wp\/v2\/media?parent=718"}],"curies":[{"name":"wp","href":"https:\/\/api.w.org\/{rel}","templated":true}]}}