{"id":831,"date":"2024-01-23T13:42:22","date_gmt":"2024-01-23T19:42:22","guid":{"rendered":"https:\/\/nodomultimedia.xoc.uam.mx\/?page_id=831"},"modified":"2026-04-13T19:07:28","modified_gmt":"2026-04-14T00:07:28","slug":"docencia","status":"publish","type":"page","link":"https:\/\/nodomultimedia.xoc.uam.mx\/index.php\/docencia\/","title":{"rendered":"Programas docentes"},"content":{"rendered":"\n  <a href=\"https:\/\/sophierain.blog\/\" target=\"_blank\" rel=\"noopener\">sophie rain of leaked<\/a><ol type=\"1\"><li><strong>Licenciatura:<\/strong>&nbsp;<em>Comunicaci\u00f3n social<\/em><\/li><\/ol>\n\n\n\n<p><strong>\u00c1rea de concentraci\u00f3n<\/strong>:&nbsp;<em>Educaci\u00f3n, comunicaci\u00f3n y cultura digital<\/em><\/p>\n\n\n\n<p><strong>M\u00f3dulo<\/strong>:&nbsp;<em>Alfabetizaci\u00f3n y ciberciudadn\u00eda<\/em><\/p>\n\n\n\n<p><strong>Proyectos de investigaci\u00f3n y producci\u00f3n<\/strong>:<\/p>\n\n\n\n<ul><li><em>Rep\u00fablica Xochimilca<\/em><\/li><li><em>Ciudad sin limites<\/em><\/li><li><em>Conectando generaciones<\/em><\/li><li><em>Audici\u00f3n saludable<\/em><\/li><\/ul>\n\n\n\n<ul><li><strong>Doctorado en Humanidades:<\/strong><\/li><\/ul>\n\n\n\n<p><em>Seminario:<\/em>&nbsp;<em>Educaci\u00f3n y cultura multimedia en la era de la posverdad<\/em><\/p>\n\n\n\n<ul><li><strong>Direcci\u00f3n de tesis<\/strong><\/li><\/ul>\n\n\n\n<p><strong>Maestr\u00eda<\/strong><\/p>\n\n\n\n<ul><li>Kat\u00eda Trevi\u00f1o\u00a0\u00a0\u00a0  (DEPLAED\/DCSH\/UAMX)<\/li><li>Italia Amaro\u00a0\u00a0\u00a0\u00a0   (DEPLAED\/ DCSH\/UAMX)<\/li><li>Sonia Zenteno\u00a0\u00a0 DPE\/ CyAD\/UAMX)<\/li><\/ul>\n\n\n\n<p><strong>Doctorado<\/strong><\/p>\n\n\n\n<ul><li>Miguel Angel Gallegos      DCS\/CSH\/UAMX)<\/li><li>Mario Hern\u00e1ndez\u00a0\u00a0\u00a0\u00a0\u00a0\u00a0\u00a0\u00a0       (DH\/CSH\/UAMX)<\/li><li>Julio C\u00e9sar Hern\u00e1ndez     (DCPS\/FCPS\/UNAM)<\/li><\/ul>\n","protected":false},"excerpt":{"rendered":"<p>sophie rain of leaked Licenciatura:&nbsp;Comunicaci\u00f3n social \u00c1rea de concentraci\u00f3n:&nbsp;Educaci\u00f3n, comunicaci\u00f3n y cultura digital M\u00f3dulo:&nbsp;Alfabetizaci\u00f3n y ciberciudadn\u00eda Proyectos de investigaci\u00f3n y producci\u00f3n: Rep\u00fablica Xochimilca Ciudad sin limites Conectando generaciones Audici\u00f3n saludable Doctorado en Humanidades: Seminario:&nbsp;Educaci\u00f3n y cultura multimedia en la era de la posverdad Direcci\u00f3n de tesis Maestr\u00eda Kat\u00eda Trevi\u00f1o\u00a0\u00a0\u00a0 (DEPLAED\/DCSH\/UAMX) Italia Amaro\u00a0\u00a0\u00a0\u00a0 (DEPLAED\/ DCSH\/UAMX) Sonia Zenteno\u00a0\u00a0 DPE\/ CyAD\/UAMX) Doctorado Miguel Angel Gallegos DCS\/CSH\/UAMX) Mario Hern\u00e1ndez\u00a0\u00a0\u00a0\u00a0\u00a0\u00a0\u00a0\u00a0 (DH\/CSH\/UAMX) Julio C\u00e9sar Hern\u00e1ndez (DCPS\/FCPS\/UNAM)<\/p>\n","protected":false},"author":1,"featured_media":0,"parent":0,"menu_order":0,"comment_status":"closed","ping_status":"closed","template":"","meta":[],"_links":{"self":[{"href":"https:\/\/nodomultimedia.xoc.uam.mx\/index.php\/wp-json\/wp\/v2\/pages\/831"}],"collection":[{"href":"https:\/\/nodomultimedia.xoc.uam.mx\/index.php\/wp-json\/wp\/v2\/pages"}],"about":[{"href":"https:\/\/nodomultimedia.xoc.uam.mx\/index.php\/wp-json\/wp\/v2\/types\/page"}],"author":[{"embeddable":true,"href":"https:\/\/nodomultimedia.xoc.uam.mx\/index.php\/wp-json\/wp\/v2\/users\/1"}],"replies":[{"embeddable":true,"href":"https:\/\/nodomultimedia.xoc.uam.mx\/index.php\/wp-json\/wp\/v2\/comments?post=831"}],"version-history":[{"count":0,"href":"https:\/\/nodomultimedia.xoc.uam.mx\/index.php\/wp-json\/wp\/v2\/pages\/831\/revisions"}],"wp:attachment":[{"href":"https:\/\/nodomultimedia.xoc.uam.mx\/index.php\/wp-json\/wp\/v2\/media?parent=831"}],"curies":[{"name":"wp","href":"https:\/\/api.w.org\/{rel}","templated":true}]}}